{"id":447,"date":"2024-03-27T12:40:27","date_gmt":"2024-03-27T12:40:27","guid":{"rendered":"https:\/\/www.fabiolacastodetox.it\/quienes-son\/"},"modified":"2024-04-25T14:41:24","modified_gmt":"2024-04-25T14:41:24","slug":"quienes-son","status":"publish","type":"page","link":"https:\/\/www.fabiolacastodetox.it\/es\/quienes-son\/","title":{"rendered":"Qui\u00e9nes son"},"content":{"rendered":"\t\t<div data-elementor-type=\"wp-page\" data-elementor-id=\"447\" class=\"elementor elementor-447 elementor-93\" data-elementor-post-type=\"page\">\n\t\t\t\t<div class=\"elementor-element elementor-element-3facd4c e-flex e-con-boxed e-con e-parent\" data-id=\"3facd4c\" data-element_type=\"container\" data-e-type=\"container\" data-settings=\"{&quot;background_background&quot;:&quot;classic&quot;}\">\n\t\t\t\t\t<div class=\"e-con-inner\">\n\t\t<div class=\"elementor-element elementor-element-7186095 e-flex e-con-boxed e-con e-child\" data-id=\"7186095\" data-element_type=\"container\" data-e-type=\"container\">\n\t\t\t\t\t<div class=\"e-con-inner\">\n\t\t<div class=\"elementor-element elementor-element-25151ad e-flex e-con-boxed e-con e-child\" data-id=\"25151ad\" data-element_type=\"container\" data-e-type=\"container\">\n\t\t\t\t\t<div class=\"e-con-inner\">\n\t\t\t\t<div class=\"elementor-element elementor-element-6c8a4d8 elementor-widget elementor-widget-heading\" data-id=\"6c8a4d8\" data-element_type=\"widget\" data-e-type=\"widget\" data-widget_type=\"heading.default\">\n\t\t\t\t<div class=\"elementor-widget-container\">\n\t\t\t\t\t<h1 class=\"elementor-heading-title elementor-size-default\">Qui\u00e9nes son<\/h1>\t\t\t\t<\/div>\n\t\t\t\t<\/div>\n\t\t\t\t<div class=\"elementor-element elementor-element-d694230 elementor-widget elementor-widget-heading\" data-id=\"d694230\" data-element_type=\"widget\" data-e-type=\"widget\" data-widget_type=\"heading.default\">\n\t\t\t\t<div class=\"elementor-widget-container\">\n\t\t\t\t\t<h2 class=\"elementor-heading-title elementor-size-default\">Hola soy Fabiola Casto...<\/h2>\t\t\t\t<\/div>\n\t\t\t\t<\/div>\n\t\t\t\t<div class=\"elementor-element elementor-element-b36e70b elementor-widget elementor-widget-video\" data-id=\"b36e70b\" data-element_type=\"widget\" data-e-type=\"widget\" data-settings=\"{&quot;video_type&quot;:&quot;vimeo&quot;}\" data-widget_type=\"video.default\">\n\t\t\t\t<div class=\"elementor-widget-container\">\n\t\t\t\t\t\t\t<div class=\"elementor-wrapper elementor-open-inline\">\n\t\t\t<iframe class=\"elementor-video-iframe\" allowfullscreen allow=\"clipboard-write\" title=\"Reproductor de v\u00eddeo vimeo\" src=\"https:\/\/player.vimeo.com\/video\/930297719?title=0&byline=0&portrait=0\"><\/iframe>\t\t<\/div>\n\t\t\t\t\t\t<\/div>\n\t\t\t\t<\/div>\n\t\t\t\t<div class=\"elementor-element elementor-element-7868771 elementor-widget elementor-widget-text-editor\" data-id=\"7868771\" data-element_type=\"widget\" data-e-type=\"widget\" data-widget_type=\"text-editor.default\">\n\t\t\t\t<div class=\"elementor-widget-container\">\n\t\t\t\t\t\t\t\t\t<p>Y si hoy est\u00e1s leyendo mis palabras en esta p\u00e1gina, quiz\u00e1 sea porque has llegado a conocerme como <strong>Directora Zafiro de<\/strong> <strong>FLP<\/strong>.<\/p>\n<p>Tal vez viste mi perfil en Instagram o nos conocimos en un evento en directo.<\/p>\n<p>Pero lo que quiero compartir contigo hoy es algo que no encuentra suficiente espacio en las redes sociales&#8230;<\/p>\n<p>Debes saber, de hecho, que mi vida no siempre fue as\u00ed.<\/p>\n<p>Siempre me he enfrentado a retos que parec\u00edan realmente insuperables.<\/p>\n<p>A los 11 a\u00f1os, una operaci\u00f3n en la pierna me impuso limitaciones que me marcaron en cuerpo y alma: a nadie, y menos a un ni\u00f1o, se le debe negar la esperanza de llevar una vida activa y plena, \u00bfno crees <strong>t\u00fa tambi\u00e9n<\/strong>?<\/p>\n<p>Los a\u00f1os siguientes fueron entonces una sucesi\u00f3n de acontecimientos ante los que tuve que reaccionar, sinti\u00e9ndome a menudo demasiado sola: primero como mujer joven, luego como madre.<\/p>\n<p>Entre intentos, fracasos, dietas y trucos que s\u00f3lo me robaban tiempo y recursos, sin aportar nunca los resultados deseados, me di cuenta de que no pod\u00eda estar &#8220;todo ah\u00ed&#8221;.<\/p>\n<p>Aquella no era la vida que hab\u00eda so\u00f1ado, contra todo y contra todos, en la cama de un hospital tantos a\u00f1os antes.<\/p>\n<p>Tampoco era &#8220;\u00e9sa&#8221; la vida que intentaba construir, trabajando siete d\u00edas a la semana y pasando interminables horas fuera de casa.<\/p>\n<p><strong>\u00bfC\u00f3mo salir de ella?<\/strong> \u00bfC\u00f3mo reescribir mi camino <strong>REAL<\/strong>, consiguiendo ser a la vez una profesional realizada y una madre presente y feliz?<\/p>\n<p><strong>GRACIAS<\/strong> por estar aqu\u00ed.<\/p>\n\t\t\t\t\t\t\t\t<\/div>\n\t\t\t\t<\/div>\n\t\t\t\t<div class=\"elementor-element elementor-element-e213bc9 elementor-widget elementor-widget-heading\" data-id=\"e213bc9\" data-element_type=\"widget\" data-e-type=\"widget\" data-widget_type=\"heading.default\">\n\t\t\t\t<div class=\"elementor-widget-container\">\n\t\t\t\t\t<h6 class=\"elementor-heading-title elementor-size-default\">Fabiola Casto<\/h6>\t\t\t\t<\/div>\n\t\t\t\t<\/div>\n\t\t\t\t\t<\/div>\n\t\t\t\t<\/div>\n\t\t<div class=\"elementor-element elementor-element-124b5b1 e-flex e-con-boxed e-con e-child\" data-id=\"124b5b1\" data-element_type=\"container\" data-e-type=\"container\">\n\t\t\t\t\t<div class=\"e-con-inner\">\n\t\t<div class=\"elementor-element elementor-element-850efee e-con-full e-flex e-con e-child\" data-id=\"850efee\" data-element_type=\"container\" data-e-type=\"container\">\n\t\t<div class=\"elementor-element elementor-element-021e932 e-flex e-con-boxed e-con e-child\" data-id=\"021e932\" data-element_type=\"container\" data-e-type=\"container\">\n\t\t\t\t\t<div class=\"e-con-inner\">\n\t\t\t\t<div class=\"elementor-element elementor-element-8ca9321 elementor-widget-mobile__width-initial elementor-widget elementor-widget-image\" data-id=\"8ca9321\" data-element_type=\"widget\" data-e-type=\"widget\" data-widget_type=\"image.default\">\n\t\t\t\t<div class=\"elementor-widget-container\">\n\t\t\t\t\t\t\t\t\t\t\t\t\t\t\t<img fetchpriority=\"high\" decoding=\"async\" width=\"675\" height=\"900\" src=\"https:\/\/www.fabiolacastodetox.it\/wp-content\/uploads\/2024\/04\/fabiola-casto-massimiliano-forever.jpg\" class=\"elementor-animation-float attachment-full size-full wp-image-398\" alt=\"\" srcset=\"https:\/\/www.fabiolacastodetox.it\/wp-content\/uploads\/2024\/04\/fabiola-casto-massimiliano-forever.jpg 675w, https:\/\/www.fabiolacastodetox.it\/wp-content\/uploads\/2024\/04\/fabiola-casto-massimiliano-forever-225x300.jpg 225w\" sizes=\"(max-width: 675px) 100vw, 675px\" \/>\t\t\t\t\t\t\t\t\t\t\t\t\t\t\t<\/div>\n\t\t\t\t<\/div>\n\t\t\t\t<div class=\"elementor-element elementor-element-a8e0704 elementor-widget-mobile__width-initial elementor-widget elementor-widget-image\" data-id=\"a8e0704\" data-element_type=\"widget\" data-e-type=\"widget\" data-widget_type=\"image.default\">\n\t\t\t\t<div class=\"elementor-widget-container\">\n\t\t\t\t\t\t\t\t\t\t\t\t\t\t\t<img decoding=\"async\" width=\"675\" height=\"900\" src=\"https:\/\/www.fabiolacastodetox.it\/wp-content\/uploads\/2024\/04\/fabiola-casto-forever-living.jpg\" class=\"elementor-animation-float attachment-full size-full wp-image-399\" alt=\"\" srcset=\"https:\/\/www.fabiolacastodetox.it\/wp-content\/uploads\/2024\/04\/fabiola-casto-forever-living.jpg 675w, https:\/\/www.fabiolacastodetox.it\/wp-content\/uploads\/2024\/04\/fabiola-casto-forever-living-225x300.jpg 225w\" sizes=\"(max-width: 675px) 100vw, 675px\" \/>\t\t\t\t\t\t\t\t\t\t\t\t\t\t\t<\/div>\n\t\t\t\t<\/div>\n\t\t\t\t\t<\/div>\n\t\t\t\t<\/div>\n\t\t<div class=\"elementor-element elementor-element-88a4415 e-con-full e-flex e-con e-child\" data-id=\"88a4415\" data-element_type=\"container\" data-e-type=\"container\">\n\t\t\t\t<div class=\"elementor-element elementor-element-947fab6 elementor-widget-mobile__width-initial elementor-widget elementor-widget-image\" data-id=\"947fab6\" data-element_type=\"widget\" data-e-type=\"widget\" data-widget_type=\"image.default\">\n\t\t\t\t<div class=\"elementor-widget-container\">\n\t\t\t\t\t\t\t\t\t\t\t\t\t\t\t<img decoding=\"async\" width=\"675\" height=\"900\" src=\"https:\/\/www.fabiolacastodetox.it\/wp-content\/uploads\/2024\/04\/lavora-con-network-marketing.jpg\" class=\"elementor-animation-hang attachment-full size-full wp-image-400\" alt=\"\" srcset=\"https:\/\/www.fabiolacastodetox.it\/wp-content\/uploads\/2024\/04\/lavora-con-network-marketing.jpg 675w, https:\/\/www.fabiolacastodetox.it\/wp-content\/uploads\/2024\/04\/lavora-con-network-marketing-225x300.jpg 225w\" sizes=\"(max-width: 675px) 100vw, 675px\" \/>\t\t\t\t\t\t\t\t\t\t\t\t\t\t\t<\/div>\n\t\t\t\t<\/div>\n\t\t\t\t<div class=\"elementor-element elementor-element-0636943 elementor-widget-mobile__width-initial elementor-widget elementor-widget-image\" data-id=\"0636943\" data-element_type=\"widget\" data-e-type=\"widget\" data-widget_type=\"image.default\">\n\t\t\t\t<div class=\"elementor-widget-container\">\n\t\t\t\t\t\t\t\t\t\t\t\t\t\t\t<img loading=\"lazy\" decoding=\"async\" width=\"675\" height=\"900\" src=\"https:\/\/www.fabiolacastodetox.it\/wp-content\/uploads\/2024\/04\/vita-felice-forever-living-fabiola-casto.jpg\" class=\"elementor-animation-hang attachment-full size-full wp-image-401\" alt=\"\" srcset=\"https:\/\/www.fabiolacastodetox.it\/wp-content\/uploads\/2024\/04\/vita-felice-forever-living-fabiola-casto.jpg 675w, https:\/\/www.fabiolacastodetox.it\/wp-content\/uploads\/2024\/04\/vita-felice-forever-living-fabiola-casto-225x300.jpg 225w\" sizes=\"(max-width: 675px) 100vw, 675px\" \/>\t\t\t\t\t\t\t\t\t\t\t\t\t\t\t<\/div>\n\t\t\t\t<\/div>\n\t\t\t\t<\/div>\n\t\t\t\t<\/div>\n\t\t\t\t\t<\/div>\n\t\t\t\t<\/div>\n\t\t\t\t\t<\/div>\n\t\t\t\t<\/div>\n\t\t\t\t\t<\/div>\n\t\t\t\t<\/div>\n\t\t<div class=\"elementor-element elementor-element-9ecfd10 e-flex e-con-boxed e-con e-parent\" data-id=\"9ecfd10\" data-element_type=\"container\" data-e-type=\"container\" data-settings=\"{&quot;background_background&quot;:&quot;classic&quot;,&quot;shape_divider_top&quot;:&quot;curve&quot;,&quot;shape_divider_top_negative&quot;:&quot;yes&quot;}\">\n\t\t\t\t\t<div class=\"e-con-inner\">\n\t\t\t\t<div class=\"elementor-shape elementor-shape-top\" aria-hidden=\"true\" data-negative=\"true\">\n\t\t\t<svg xmlns=\"http:\/\/www.w3.org\/2000\/svg\" viewBox=\"0 0 1000 100\" preserveAspectRatio=\"none\">\n\t<path class=\"elementor-shape-fill\" d=\"M500,97C126.7,96.3,0.8,19.8,0,0v100l1000,0V1C1000,19.4,873.3,97.8,500,97z\"\/>\n<\/svg>\t\t<\/div>\n\t\t<div class=\"elementor-element elementor-element-dfe8bbf e-con-full e-flex e-con e-child\" data-id=\"dfe8bbf\" data-element_type=\"container\" data-e-type=\"container\">\n\t\t\t\t<div class=\"elementor-element elementor-element-0f77649 elementor-widget elementor-widget-heading\" data-id=\"0f77649\" data-element_type=\"widget\" data-e-type=\"widget\" data-widget_type=\"heading.default\">\n\t\t\t\t<div class=\"elementor-widget-container\">\n\t\t\t\t\t<h2 class=\"elementor-heading-title elementor-size-default\">\u00bfQuieres que sea tu patrocinador?<\/h2>\t\t\t\t<\/div>\n\t\t\t\t<\/div>\n\t\t\t\t<div class=\"elementor-element elementor-element-8fb2b8b elementor-widget elementor-widget-text-editor\" data-id=\"8fb2b8b\" data-element_type=\"widget\" data-e-type=\"widget\" data-widget_type=\"text-editor.default\">\n\t\t\t\t<div class=\"elementor-widget-container\">\n\t\t\t\t\t\t\t\t\t<p>Si est\u00e1s preparado para dar el salto, estoy aqu\u00ed para guiarte hacia el \u00e9xito convirti\u00e9ndome en <strong>tu patrocinador en la Red<\/strong> de la que soy miembro y que me ha permitido realizar una vida plena y gratificante, personal y profesionalmente.<\/p>\n<p>Deja que mi experiencia se convierta en tu trampol\u00edn para alcanzar el \u00e9xito que mereces.<\/p>\n\t\t\t\t\t\t\t\t<\/div>\n\t\t\t\t<\/div>\n\t\t\t\t<div class=\"elementor-element elementor-element-eed632d elementor-align-left elementor-mobile-align-justify elementor-widget elementor-widget-button\" data-id=\"eed632d\" data-element_type=\"widget\" data-e-type=\"widget\" data-widget_type=\"button.default\">\n\t\t\t\t<div class=\"elementor-widget-container\">\n\t\t\t\t\t\t\t\t\t<div class=\"elementor-button-wrapper\">\n\t\t\t\t\t<a class=\"elementor-button elementor-button-link elementor-size-md elementor-animation-shrink\" href=\"https:\/\/networkerfamily.com\" target=\"_blank\" rel=\"noopener\">\n\t\t\t\t\t\t<span class=\"elementor-button-content-wrapper\">\n\t\t\t\t\t\t<span class=\"elementor-button-icon\">\n\t\t\t\t<svg aria-hidden=\"true\" class=\"e-font-icon-svg e-fas-users\" viewBox=\"0 0 640 512\" xmlns=\"http:\/\/www.w3.org\/2000\/svg\"><path d=\"M96 224c35.3 0 64-28.7 64-64s-28.7-64-64-64-64 28.7-64 64 28.7 64 64 64zm448 0c35.3 0 64-28.7 64-64s-28.7-64-64-64-64 28.7-64 64 28.7 64 64 64zm32 32h-64c-17.6 0-33.5 7.1-45.1 18.6 40.3 22.1 68.9 62 75.1 109.4h66c17.7 0 32-14.3 32-32v-32c0-35.3-28.7-64-64-64zm-256 0c61.9 0 112-50.1 112-112S381.9 32 320 32 208 82.1 208 144s50.1 112 112 112zm76.8 32h-8.3c-20.8 10-43.9 16-68.5 16s-47.6-6-68.5-16h-8.3C179.6 288 128 339.6 128 403.2V432c0 26.5 21.5 48 48 48h288c26.5 0 48-21.5 48-48v-28.8c0-63.6-51.6-115.2-115.2-115.2zm-223.7-13.4C161.5 263.1 145.6 256 128 256H64c-35.3 0-64 28.7-64 64v32c0 17.7 14.3 32 32 32h65.9c6.3-47.4 34.9-87.3 75.2-109.4z\"><\/path><\/svg>\t\t\t<\/span>\n\t\t\t\t\t\t\t\t\t<span class=\"elementor-button-text\">Env\u00eda tu solicitud<\/span>\n\t\t\t\t\t<\/span>\n\t\t\t\t\t<\/a>\n\t\t\t\t<\/div>\n\t\t\t\t\t\t\t\t<\/div>\n\t\t\t\t<\/div>\n\t\t\t\t<\/div>\n\t\t\t\t\t<\/div>\n\t\t\t\t<\/div>\n\t\t<div class=\"elementor-element elementor-element-a5a6e19 e-flex e-con-boxed e-con e-parent\" data-id=\"a5a6e19\" data-element_type=\"container\" data-e-type=\"container\" id=\"9giorni\">\n\t\t\t\t\t<div class=\"e-con-inner\">\n\t\t<div class=\"elementor-element elementor-element-a43088e e-con-full e-flex e-con e-child\" data-id=\"a43088e\" data-element_type=\"container\" data-e-type=\"container\">\n\t\t\t\t<div class=\"elementor-element elementor-element-7f74eb2 elementor-widget elementor-widget-heading\" data-id=\"7f74eb2\" data-element_type=\"widget\" data-e-type=\"widget\" data-widget_type=\"heading.default\">\n\t\t\t\t<div class=\"elementor-widget-container\">\n\t\t\t\t\t<h2 class=\"elementor-heading-title elementor-size-default\">Desaf\u00edo | Programa C9 Forever<\/h2>\t\t\t\t<\/div>\n\t\t\t\t<\/div>\n\t\t\t\t<div class=\"elementor-element elementor-element-9a4caf3 elementor-widget elementor-widget-heading\" data-id=\"9a4caf3\" data-element_type=\"widget\" data-e-type=\"widget\" data-widget_type=\"heading.default\">\n\t\t\t\t<div class=\"elementor-widget-container\">\n\t\t\t\t\t<h2 class=\"elementor-heading-title elementor-size-default\">Ponte en forma conmigo en  <br>s\u00f3lo <strong>9 d\u00edas<\/strong><\/h2>\t\t\t\t<\/div>\n\t\t\t\t<\/div>\n\t\t\t\t<div class=\"elementor-element elementor-element-232b3a3 elementor-widget elementor-widget-text-editor\" data-id=\"232b3a3\" data-element_type=\"widget\" data-e-type=\"widget\" data-widget_type=\"text-editor.default\">\n\t\t\t\t<div class=\"elementor-widget-container\">\n\t\t\t\t\t\t\t\t\t<p><strong>C9 Forever<\/strong> es un <strong>programa de desintoxicaci\u00f3n<\/strong> como ning\u00fan otro, porque se basa en limpiar el cuerpo de toxinas con<strong>Gel de Aloe Vera<\/strong> <strong>bebible<\/strong>, el limpiador natural m\u00e1s eficaz.<\/p>\n<p>Si t\u00fa tambi\u00e9n quieres tener un cuerpo depurado, <strong>\u00a1C9 Forever<\/strong> es para ti!<\/p>\n<p><span style=\"text-decoration: underline;\"><em><strong>Empezar\u00e1s a verte y sentirte mejor, recuperar\u00e1s energ\u00eda y vitalidad, y tendr\u00e1s un cuerpo de aspecto m\u00e1s joven.<\/strong><\/em><\/span><\/p>\n<p><strong>C9 Forever<\/strong> no contiene gluten ni lactosa y tambi\u00e9n es apto para vegetarianos y veganos.<\/p>\n\t\t\t\t\t\t\t\t<\/div>\n\t\t\t\t<\/div>\n\t\t\t\t<div class=\"elementor-element elementor-element-8f6667f elementor-widget elementor-widget-heading\" data-id=\"8f6667f\" data-element_type=\"widget\" data-e-type=\"widget\" data-widget_type=\"heading.default\">\n\t\t\t\t<div class=\"elementor-widget-container\">\n\t\t\t\t\t<h2 class=\"elementor-heading-title elementor-size-default\">\u00bfQu\u00e9 le ocurre a tu cuerpo durante el <strong>programa C9 Forever<\/strong> <strong>de 9 d\u00edas<\/strong>?<\/h2>\t\t\t\t<\/div>\n\t\t\t\t<\/div>\n\t\t\t\t<div class=\"elementor-element elementor-element-d28d6ef elementor-widget elementor-widget-text-editor\" data-id=\"d28d6ef\" data-element_type=\"widget\" data-e-type=\"widget\" data-widget_type=\"text-editor.default\">\n\t\t\t\t<div class=\"elementor-widget-container\">\n\t\t\t\t\t\t\t\t\t<p>Tu cuerpo empieza a limpiarse de las toxinas acumuladas.<\/p>\n<p>Mejora tu aspecto f\u00edsico y tu bienestar general.<\/p>\n<p>Los nutrientes se asimilan de forma \u00f3ptima.<\/p>\n<p>Sientes una ligereza incre\u00edble y tienes m\u00e1s energ\u00eda a lo largo del d\u00eda.<\/p>\n<p>Est\u00e1s aprendiendo mejores h\u00e1bitos alimentarios y a controlar tu sensaci\u00f3n de hambre.<\/p>\n<p>Reactiva tu metabolismo de forma sana y natural.<\/p>\n<p>Aumenta la calidad de tu sue\u00f1o, te levantas por la ma\u00f1ana con m\u00e1s brillo mental.<\/p>\n\t\t\t\t\t\t\t\t<\/div>\n\t\t\t\t<\/div>\n\t\t\t\t<div class=\"elementor-element elementor-element-05f5787 elementor-align-left elementor-widget elementor-widget-button\" data-id=\"05f5787\" data-element_type=\"widget\" data-e-type=\"widget\" data-widget_type=\"button.default\">\n\t\t\t\t<div class=\"elementor-widget-container\">\n\t\t\t\t\t\t\t\t\t<div class=\"elementor-button-wrapper\">\n\t\t\t\t\t<a class=\"elementor-button elementor-button-link elementor-size-md elementor-animation-shrink\" href=\"https:\/\/www.fabiolacastodetox.it\/es\/ponte-en-contacto-con\/\" target=\"_blank\">\n\t\t\t\t\t\t<span class=\"elementor-button-content-wrapper\">\n\t\t\t\t\t\t<span class=\"elementor-button-icon\">\n\t\t\t\t<svg aria-hidden=\"true\" class=\"e-font-icon-svg e-fas-chevron-right\" viewBox=\"0 0 320 512\" xmlns=\"http:\/\/www.w3.org\/2000\/svg\"><path d=\"M285.476 272.971L91.132 467.314c-9.373 9.373-24.569 9.373-33.941 0l-22.667-22.667c-9.357-9.357-9.375-24.522-.04-33.901L188.505 256 34.484 101.255c-9.335-9.379-9.317-24.544.04-33.901l22.667-22.667c9.373-9.373 24.569-9.373 33.941 0L285.475 239.03c9.373 9.372 9.373 24.568.001 33.941z\"><\/path><\/svg>\t\t\t<\/span>\n\t\t\t\t\t\t\t\t\t<span class=\"elementor-button-text\">Hazte cliente PREMIUM<\/span>\n\t\t\t\t\t<\/span>\n\t\t\t\t\t<\/a>\n\t\t\t\t<\/div>\n\t\t\t\t\t\t\t\t<\/div>\n\t\t\t\t<\/div>\n\t\t\t\t<\/div>\n\t\t<div class=\"elementor-element elementor-element-679b1ef e-con-full e-flex e-con e-child\" data-id=\"679b1ef\" data-element_type=\"container\" data-e-type=\"container\">\n\t\t\t\t<div class=\"elementor-element elementor-element-4940a93 elementor-widget elementor-widget-image\" data-id=\"4940a93\" data-element_type=\"widget\" data-e-type=\"widget\" data-settings=\"{&quot;sticky&quot;:&quot;top&quot;,&quot;sticky_on&quot;:[&quot;desktop&quot;],&quot;sticky_parent&quot;:&quot;yes&quot;,&quot;sticky_offset&quot;:0,&quot;sticky_effects_offset&quot;:0,&quot;sticky_anchor_link_offset&quot;:0}\" data-widget_type=\"image.default\">\n\t\t\t\t<div class=\"elementor-widget-container\">\n\t\t\t\t\t\t\t\t\t\t\t\t\t\t\t<img loading=\"lazy\" decoding=\"async\" width=\"1200\" height=\"1600\" src=\"https:\/\/www.fabiolacastodetox.it\/wp-content\/uploads\/2024\/03\/fabiola-casto-cv.jpg\" class=\"attachment-full size-full wp-image-382\" alt=\"\" srcset=\"https:\/\/www.fabiolacastodetox.it\/wp-content\/uploads\/2024\/03\/fabiola-casto-cv.jpg 1200w, https:\/\/www.fabiolacastodetox.it\/wp-content\/uploads\/2024\/03\/fabiola-casto-cv-225x300.jpg 225w, https:\/\/www.fabiolacastodetox.it\/wp-content\/uploads\/2024\/03\/fabiola-casto-cv-768x1024.jpg 768w, https:\/\/www.fabiolacastodetox.it\/wp-content\/uploads\/2024\/03\/fabiola-casto-cv-1152x1536.jpg 1152w\" sizes=\"(max-width: 1200px) 100vw, 1200px\" \/>\t\t\t\t\t\t\t\t\t\t\t\t\t\t\t<\/div>\n\t\t\t\t<\/div>\n\t\t\t\t<\/div>\n\t\t\t\t\t<\/div>\n\t\t\t\t<\/div>\n\t\t<div class=\"elementor-element elementor-element-2ddd866 e-flex e-con-boxed e-con e-parent\" data-id=\"2ddd866\" data-element_type=\"container\" data-e-type=\"container\">\n\t\t\t\t\t<div class=\"e-con-inner\">\n\t\t\t\t<div class=\"elementor-element elementor-element-9dfcfe0 elementor-skin-carousel elementor-arrows-yes elementor-pagination-type-bullets elementor-pagination-position-outside elementor-widget elementor-widget-media-carousel\" data-id=\"9dfcfe0\" data-element_type=\"widget\" data-e-type=\"widget\" data-settings=\"{&quot;skin&quot;:&quot;carousel&quot;,&quot;effect&quot;:&quot;slide&quot;,&quot;show_arrows&quot;:&quot;yes&quot;,&quot;pagination&quot;:&quot;bullets&quot;,&quot;speed&quot;:500,&quot;autoplay&quot;:&quot;yes&quot;,&quot;autoplay_speed&quot;:5000,&quot;loop&quot;:&quot;yes&quot;,&quot;pause_on_hover&quot;:&quot;yes&quot;,&quot;pause_on_interaction&quot;:&quot;yes&quot;,&quot;space_between&quot;:{&quot;unit&quot;:&quot;px&quot;,&quot;size&quot;:10,&quot;sizes&quot;:[]},&quot;space_between_tablet&quot;:{&quot;unit&quot;:&quot;px&quot;,&quot;size&quot;:10,&quot;sizes&quot;:[]},&quot;space_between_mobile&quot;:{&quot;unit&quot;:&quot;px&quot;,&quot;size&quot;:10,&quot;sizes&quot;:[]}}\" data-widget_type=\"media-carousel.default\">\n\t\t\t\t<div class=\"elementor-widget-container\">\n\t\t\t\t\t\t\t\t\t<div class=\"elementor-swiper\">\n\t\t\t\t\t<div class=\"elementor-main-swiper swiper\" role=\"region\" aria-roledescription=\"carousel\" aria-label=\"Diapositivas\">\n\t\t\t\t<div class=\"swiper-wrapper\">\n\t\t\t\t\t\t\t\t\t\t\t<div class=\"swiper-slide\" role=\"group\" aria-roledescription=\"slide\">\n\t\t\t\t\t\t\t\t\t<div class=\"elementor-carousel-image\" role=\"img\" aria-label=\"Kit Sportivo - Forever Living\" style=\"background-image: url(&#039;https:\/\/www.fabiolacastodetox.it\/wp-content\/uploads\/2024\/04\/kit-sportivo-forever-living.jpg&#039;)\">\n\n\t\t\t\n\t\t\t\t\t<\/div>\n\t\t\t\t\t\t\t\t<\/div>\n\t\t\t\t\t\t\t\t\t\t\t<div class=\"swiper-slide\" role=\"group\" aria-roledescription=\"slide\">\n\t\t\t\t\t\t\t\t\t<div class=\"elementor-carousel-image\" role=\"img\" aria-label=\"Rosetta Cambia 13 Giorni - Forever Living\" style=\"background-image: url(&#039;https:\/\/www.fabiolacastodetox.it\/wp-content\/uploads\/2024\/04\/rosetta-cambia-13-giorni.jpg&#039;)\">\n\n\t\t\t\n\t\t\t\t\t<\/div>\n\t\t\t\t\t\t\t\t<\/div>\n\t\t\t\t\t\t\t\t\t\t\t<div class=\"swiper-slide\" role=\"group\" aria-roledescription=\"slide\">\n\t\t\t\t\t\t\t\t\t<div class=\"elementor-carousel-image\" role=\"img\" aria-label=\"Kit Drenante - Forever Living\" style=\"background-image: url(&#039;https:\/\/www.fabiolacastodetox.it\/wp-content\/uploads\/2024\/04\/kit-drenante-forever-living.jpg&#039;)\">\n\n\t\t\t\n\t\t\t\t\t<\/div>\n\t\t\t\t\t\t\t\t<\/div>\n\t\t\t\t\t\t\t\t\t\t\t<div class=\"swiper-slide\" role=\"group\" aria-roledescription=\"slide\">\n\t\t\t\t\t\t\t\t\t<div class=\"elementor-carousel-image\" role=\"img\" aria-label=\"Kit Gestione Peso 21 Giorni\" style=\"background-image: url(&#039;https:\/\/www.fabiolacastodetox.it\/wp-content\/uploads\/2024\/04\/kit-gestione-peso-21-giorni.jpg&#039;)\">\n\n\t\t\t\n\t\t\t\t\t<\/div>\n\t\t\t\t\t\t\t\t<\/div>\n\t\t\t\t\t\t\t\t\t<\/div>\n\t\t\t\t\t\t\t\t\t\t\t\t\t\t\t<div class=\"elementor-swiper-button elementor-swiper-button-prev\" role=\"button\" tabindex=\"0\" aria-label=\"Anterior\">\n\t\t\t\t\t\t\t<svg aria-hidden=\"true\" class=\"e-font-icon-svg e-eicon-chevron-left\" viewBox=\"0 0 1000 1000\" xmlns=\"http:\/\/www.w3.org\/2000\/svg\"><path d=\"M646 125C629 125 613 133 604 142L308 442C296 454 292 471 292 487 292 504 296 521 308 533L604 854C617 867 629 875 646 875 663 875 679 871 692 858 704 846 713 829 713 812 713 796 708 779 692 767L438 487 692 225C700 217 708 204 708 187 708 171 704 154 692 142 675 129 663 125 646 125Z\"><\/path><\/svg>\t\t\t\t\t\t<\/div>\n\t\t\t\t\t\t<div class=\"elementor-swiper-button elementor-swiper-button-next\" role=\"button\" tabindex=\"0\" aria-label=\"Siguiente\">\n\t\t\t\t\t\t\t<svg aria-hidden=\"true\" class=\"e-font-icon-svg e-eicon-chevron-right\" viewBox=\"0 0 1000 1000\" xmlns=\"http:\/\/www.w3.org\/2000\/svg\"><path d=\"M696 533C708 521 713 504 713 487 713 471 708 454 696 446L400 146C388 133 375 125 354 125 338 125 325 129 313 142 300 154 292 171 292 187 292 204 296 221 308 233L563 492 304 771C292 783 288 800 288 817 288 833 296 850 308 863 321 871 338 875 354 875 371 875 388 867 400 854L696 533Z\"><\/path><\/svg>\t\t\t\t\t\t<\/div>\n\t\t\t\t\t\t\t\t\t\t\t\t\t\t\t\t<div class=\"swiper-pagination\"><\/div>\n\t\t\t\t\t\t\t\t\t\t\t\t<\/div>\n\t\t\t\t<\/div>\n\t\t\t\t\t\t\t\t<\/div>\n\t\t\t\t<\/div>\n\t\t\t\t\t<\/div>\n\t\t\t\t<\/div>\n\t\t\t\t<\/div>\n\t\t","protected":false},"excerpt":{"rendered":"<p>Qui\u00e9nes son Hola soy Fabiola Casto&#8230; https:\/\/vimeo.com\/930297719?share=copy Y si hoy est\u00e1s leyendo mis palabras en esta p\u00e1gina, quiz\u00e1 sea porque has llegado a conocerme como Directora Zafiro de FLP. Tal vez viste mi perfil en Instagram o nos conocimos en un evento en directo. Pero lo que quiero compartir contigo hoy es algo que no [&hellip;]<\/p>\n","protected":false},"author":1,"featured_media":0,"parent":0,"menu_order":0,"comment_status":"closed","ping_status":"closed","template":"elementor_header_footer","meta":{"_joinchat":[],"footnotes":""},"class_list":["post-447","page","type-page","status-publish","hentry"],"_links":{"self":[{"href":"https:\/\/www.fabiolacastodetox.it\/es\/wp-json\/wp\/v2\/pages\/447","targetHints":{"allow":["GET"]}}],"collection":[{"href":"https:\/\/www.fabiolacastodetox.it\/es\/wp-json\/wp\/v2\/pages"}],"about":[{"href":"https:\/\/www.fabiolacastodetox.it\/es\/wp-json\/wp\/v2\/types\/page"}],"author":[{"embeddable":true,"href":"https:\/\/www.fabiolacastodetox.it\/es\/wp-json\/wp\/v2\/users\/1"}],"replies":[{"embeddable":true,"href":"https:\/\/www.fabiolacastodetox.it\/es\/wp-json\/wp\/v2\/comments?post=447"}],"version-history":[{"count":11,"href":"https:\/\/www.fabiolacastodetox.it\/es\/wp-json\/wp\/v2\/pages\/447\/revisions"}],"predecessor-version":[{"id":545,"href":"https:\/\/www.fabiolacastodetox.it\/es\/wp-json\/wp\/v2\/pages\/447\/revisions\/545"}],"wp:attachment":[{"href":"https:\/\/www.fabiolacastodetox.it\/es\/wp-json\/wp\/v2\/media?parent=447"}],"curies":[{"name":"wp","href":"https:\/\/api.w.org\/{rel}","templated":true}]}}